{"id":2,"date":"2016-06-02T14:39:52","date_gmt":"2016-06-02T17:39:52","guid":{"rendered":"https:\/\/www.uia2021rio.archi\/?page_id=2"},"modified":"2022-03-28T08:27:13","modified_gmt":"2022-03-28T11:27:13","slug":"home","status":"publish","type":"page","link":"https:\/\/www.uia2021rio.archi\/es\/","title":{"rendered":"Home"},"content":{"rendered":"<p class=\"qtranxs-available-languages-message qtranxs-available-languages-message-es\">Disculpa, pero esta entrada est\u00e1 disponible s\u00f3lo en <a href=\"https:\/\/www.uia2021rio.archi\/pb\/wp-json\/wp\/v2\/pages\/2\" class=\"qtranxs-available-language-link qtranxs-available-language-link-pb\" title=\"Portugu\u00eas do Brasil\">Portugu\u00e9s De Brasil<\/a>.<\/p>","protected":false},"excerpt":{"rendered":"<p>Disculpa, pero esta entrada est\u00e1 disponible s\u00f3lo en Portugu\u00e9s De [&hellip;]<\/p>\n","protected":false},"author":1,"featured_media":0,"parent":0,"menu_order":0,"comment_status":"closed","ping_status":"open","template":"","meta":[],"yst_prominent_words":[],"_links":{"self":[{"href":"https:\/\/www.uia2021rio.archi\/es\/wp-json\/wp\/v2\/pages\/2"}],"collection":[{"href":"https:\/\/www.uia2021rio.archi\/es\/wp-json\/wp\/v2\/pages"}],"about":[{"href":"https:\/\/www.uia2021rio.archi\/es\/wp-json\/wp\/v2\/types\/page"}],"author":[{"embeddable":true,"href":"https:\/\/www.uia2021rio.archi\/es\/wp-json\/wp\/v2\/users\/1"}],"replies":[{"embeddable":true,"href":"https:\/\/www.uia2021rio.archi\/es\/wp-json\/wp\/v2\/comments?post=2"}],"version-history":[{"count":3,"href":"https:\/\/www.uia2021rio.archi\/es\/wp-json\/wp\/v2\/pages\/2\/revisions"}],"predecessor-version":[{"id":2572,"href":"https:\/\/www.uia2021rio.archi\/es\/wp-json\/wp\/v2\/pages\/2\/revisions\/2572"}],"wp:attachment":[{"href":"https:\/\/www.uia2021rio.archi\/es\/wp-json\/wp\/v2\/media?parent=2"}],"wp:term":[{"taxonomy":"yst_prominent_words","embeddable":true,"href":"https:\/\/www.uia2021rio.archi\/es\/wp-json\/wp\/v2\/yst_prominent_words?post=2"}],"curies":[{"name":"wp","href":"https:\/\/api.w.org\/{rel}","templated":true}]}}